{"id":1244,"date":"2017-02-23T14:23:08","date_gmt":"2017-02-23T13:23:08","guid":{"rendered":"https:\/\/itinere.pl\/?page_id=1244&#038;lang=en"},"modified":"2017-02-24T13:16:35","modified_gmt":"2017-02-24T12:16:35","slug":"wypozyczalnia","status":"publish","type":"page","link":"https:\/\/itinere.pl\/en\/wypozyczalnia\/","title":{"rendered":"Rental"},"content":{"rendered":"<div id='full_slider_1'  class='avia-fullwidth-slider main_color avia-shadow   avia-builder-el-0  el_before_av_section  avia-builder-el-first   container_wrap sidebar_right'  >\n<style type=\"text\/css\" data-created_by=\"avia_inline_auto\" id=\"style-css-av-av_slideshow_full-de3ad9507b71acd413a28420cae4f1ac\">\n#top #wrap_all .avia-slideshow .av-slideshow-caption.av-av_slideshow_full-de3ad9507b71acd413a28420cae4f1ac__0 .avia-caption-title{\nfont-size:40px;\n}\n<\/style>\n<div  class='avia-slideshow av-av_slideshow_full-de3ad9507b71acd413a28420cae4f1ac avia-slideshow-entry_without_sidebar av_slideshow_full avia-slide-slider av-slideshow-ui av-control-hidden av-no-slider-navigation av-hide-nav-arrows av-slideshow-manual av-loop-once av-loop-manual-endless av-default-height-applied   avia-slideshow-1' data-slideshow-options=\"{&quot;animation&quot;:&quot;slide&quot;,&quot;autoplay&quot;:false,&quot;loop_autoplay&quot;:&quot;once&quot;,&quot;interval&quot;:5,&quot;loop_manual&quot;:&quot;manual-endless&quot;,&quot;autoplay_stopper&quot;:false,&quot;noNavigation&quot;:true,&quot;bg_slider&quot;:false,&quot;keep_padding&quot;:false,&quot;hoverpause&quot;:false,&quot;show_slide_delay&quot;:0}\"  itemprop=\"image\" itemscope=\"itemscope\" itemtype=\"https:\/\/schema.org\/ImageObject\" ><ul class='avia-slideshow-inner ' style='padding-bottom: 21.157024793388%;'><li  class='avia-slideshow-slide av-av_slideshow_full-de3ad9507b71acd413a28420cae4f1ac__0  av-single-slide slide-1 slide-odd'><div data-rel='slideshow-1' class='avia-slide-wrap '   ><div class='av-slideshow-caption av-av_slideshow_full-de3ad9507b71acd413a28420cae4f1ac__0 caption_fullwidth caption_center'><div class=\"container caption_container\"><div class=\"slideshow_caption\"><div class=\"slideshow_inner_caption\"><div class=\"slideshow_align_caption\"><h2 class='avia-caption-title '  itemprop=\"name\" >Prices from 2 PLN per day<\/h2><\/div><\/div><\/div><\/div><\/div><img decoding=\"async\" fetchpriority=\"high\" class=\"wp-image-1217 avia-img-lazy-loading-not-1217\"  src=\"https:\/\/itinere.pl\/wp-content\/uploads\/2017\/02\/wypozyczalniabanner.jpg\" width=\"1210\" height=\"256\" title='wypozyczalniabanner' alt='Wypo\u017cyczalnia sprz\u0119tu turystycznego dla dzieci'  itemprop=\"thumbnailUrl\" srcset=\"https:\/\/itinere.pl\/wp-content\/uploads\/2017\/02\/wypozyczalniabanner.jpg 1210w, https:\/\/itinere.pl\/wp-content\/uploads\/2017\/02\/wypozyczalniabanner-450x95.jpg 450w\" sizes=\"(max-width: 1210px) 100vw, 1210px\" \/><div class='av-section-color-overlay' style='opacity: 0.5; background-color: #0a0a0a; '><\/div><\/div><\/li><\/ul><\/div><\/div>\n<div id='nowybreadcrumb'  class='avia-section av-av_section-fa60f8100aabfd40470ba5da2f780dfb main_color avia-section-no-padding avia-no-border-styling  avia-builder-el-1  el_after_av_slideshow_full  el_before_av_one_full  avia-bg-style-scroll container_wrap sidebar_right'  ><div class='container av-section-cont-open' ><div class='template-page content  av-content-small alpha units'><div class='post-entry post-entry-type-page post-entry-1244'><div class='entry-content-wrapper clearfix'>\n\n<\/div><\/div><\/div><!-- close content main div --><\/div><\/div><div id='after_section_1'  class='main_color av_default_container_wrap container_wrap sidebar_right'  ><div class='container av-section-cont-open' ><div class='template-page content  av-content-small alpha units'><div class='post-entry post-entry-type-page post-entry-1244'><div class='entry-content-wrapper clearfix'>\n\n<style type=\"text\/css\" data-created_by=\"avia_inline_auto\" id=\"style-css-av-av_one_full-855d060ecef248f10bce633c85cb77e0\">\n#top .flex_column.av-av_one_full-855d060ecef248f10bce633c85cb77e0{\nmargin-top:0px;\nmargin-bottom:10px;\n}\n.flex_column.av-av_one_full-855d060ecef248f10bce633c85cb77e0{\nborder-radius:0px 0px 0px 0px;\npadding:0px 0px 0px 0px;\n}\n.responsive #top #wrap_all .flex_column.av-av_one_full-855d060ecef248f10bce633c85cb77e0{\nmargin-top:0px;\nmargin-bottom:10px;\n}\n<\/style>\n<div  class='flex_column av-av_one_full-855d060ecef248f10bce633c85cb77e0 av_one_full  avia-builder-el-3  el_after_av_section  avia-builder-el-no-sibling  first flex_column_div av-zero-column-padding  '     ><section  class='av_textblock_section av-av_textblock-0366cc7376be6c9e82a3e9cc8987b64f '   itemscope=\"itemscope\" itemtype=\"https:\/\/schema.org\/CreativeWork\" ><div class='avia_textblock'  itemprop=\"text\" ><div class=\"woocommerce columns-3\"><ul class=\"products columns-3\">\n<li class=\"product-category product first\">\n\t<a aria-label=\"Visit product category Bicycles\" href=\"https:\/\/itinere.pl\/en\/product-category\/bicycles\/\"><img loading=\"lazy\" decoding=\"async\" data-src=\"https:\/\/itinere.pl\/wp-content\/uploads\/2017\/02\/geobike-450x338.jpg\" alt=\"Bicycles\" width=\"450\" height=\"338\" src=\"data:image\/gif;base64,R0lGODlhAQABAAAAACH5BAEKAAEALAAAAAABAAEAAAICTAEAOw==\" class=\"lazyload\" style=\"--smush-placeholder-width: 450px; --smush-placeholder-aspect-ratio: 450\/338;\" \/><noscript><img loading=\"lazy\" decoding=\"async\" src=\"https:\/\/itinere.pl\/wp-content\/uploads\/2017\/02\/geobike-450x338.jpg\" alt=\"Bicycles\" width=\"450\" height=\"338\" \/><\/noscript>\t\t<h3 class=\"woocommerce-loop-category__title\">\n\t\t\tBicycles <mark class=\"count\">(2)<\/mark>\t\t<\/h3>\n\t\t<\/a><\/li>\n<li class=\"product-category product\">\n\t<a aria-label=\"Visit product category Tourist baby carriers\" href=\"https:\/\/itinere.pl\/en\/product-category\/tourist-baby-carriers\/\"><img loading=\"lazy\" decoding=\"async\" data-src=\"https:\/\/itinere.pl\/wp-content\/uploads\/2017\/02\/nosidla-450x338.jpg\" alt=\"Tourist baby carriers\" width=\"450\" height=\"338\" src=\"data:image\/gif;base64,R0lGODlhAQABAAAAACH5BAEKAAEALAAAAAABAAEAAAICTAEAOw==\" class=\"lazyload\" style=\"--smush-placeholder-width: 450px; --smush-placeholder-aspect-ratio: 450\/338;\" \/><noscript><img loading=\"lazy\" decoding=\"async\" src=\"https:\/\/itinere.pl\/wp-content\/uploads\/2017\/02\/nosidla-450x338.jpg\" alt=\"Tourist baby carriers\" width=\"450\" height=\"338\" \/><\/noscript>\t\t<h3 class=\"woocommerce-loop-category__title\">\n\t\t\tTourist baby carriers <mark class=\"count\">(3)<\/mark>\t\t<\/h3>\n\t\t<\/a><\/li>\n<li class=\"product-category product last\">\n\t<a aria-label=\"Visit product category Child car seats\" href=\"https:\/\/itinere.pl\/en\/product-category\/child-car-seats\/\"><img loading=\"lazy\" decoding=\"async\" data-src=\"https:\/\/itinere.pl\/wp-content\/uploads\/2017\/02\/foteliki-450x338.jpg\" alt=\"Child car seats\" width=\"450\" height=\"338\" src=\"data:image\/gif;base64,R0lGODlhAQABAAAAACH5BAEKAAEALAAAAAABAAEAAAICTAEAOw==\" class=\"lazyload\" style=\"--smush-placeholder-width: 450px; --smush-placeholder-aspect-ratio: 450\/338;\" \/><noscript><img loading=\"lazy\" decoding=\"async\" src=\"https:\/\/itinere.pl\/wp-content\/uploads\/2017\/02\/foteliki-450x338.jpg\" alt=\"Child car seats\" width=\"450\" height=\"338\" \/><\/noscript>\t\t<h3 class=\"woocommerce-loop-category__title\">\n\t\t\tChild car seats <mark class=\"count\">(4)<\/mark>\t\t<\/h3>\n\t\t<\/a><\/li>\n<li class=\"product-category product first\">\n\t<a aria-label=\"Visit product category Pregnant and infant accessories\" href=\"https:\/\/itinere.pl\/en\/product-category\/pregnant-and-infant-accessories\/\"><img loading=\"lazy\" decoding=\"async\" data-src=\"https:\/\/itinere.pl\/wp-content\/uploads\/2017\/02\/ciaza2-450x338.jpg\" alt=\"Pregnant and infant accessories\" width=\"450\" height=\"338\" src=\"data:image\/gif;base64,R0lGODlhAQABAAAAACH5BAEKAAEALAAAAAABAAEAAAICTAEAOw==\" class=\"lazyload\" style=\"--smush-placeholder-width: 450px; --smush-placeholder-aspect-ratio: 450\/338;\" \/><noscript><img loading=\"lazy\" decoding=\"async\" src=\"https:\/\/itinere.pl\/wp-content\/uploads\/2017\/02\/ciaza2-450x338.jpg\" alt=\"Pregnant and infant accessories\" width=\"450\" height=\"338\" \/><\/noscript>\t\t<h3 class=\"woocommerce-loop-category__title\">\n\t\t\tPregnant and infant accessories <mark class=\"count\">(5)<\/mark>\t\t<\/h3>\n\t\t<\/a><\/li>\n<li class=\"product-category product\">\n\t<a aria-label=\"Visit product category Prams\" href=\"https:\/\/itinere.pl\/en\/product-category\/prams\/\"><img loading=\"lazy\" decoding=\"async\" data-src=\"https:\/\/itinere.pl\/wp-content\/uploads\/2017\/02\/wozki-450x338.jpg\" alt=\"Prams\" width=\"450\" height=\"338\" src=\"data:image\/gif;base64,R0lGODlhAQABAAAAACH5BAEKAAEALAAAAAABAAEAAAICTAEAOw==\" class=\"lazyload\" style=\"--smush-placeholder-width: 450px; --smush-placeholder-aspect-ratio: 450\/338;\" \/><noscript><img loading=\"lazy\" decoding=\"async\" src=\"https:\/\/itinere.pl\/wp-content\/uploads\/2017\/02\/wozki-450x338.jpg\" alt=\"Prams\" width=\"450\" height=\"338\" \/><\/noscript>\t\t<h3 class=\"woocommerce-loop-category__title\">\n\t\t\tPrams <mark class=\"count\">(5)<\/mark>\t\t<\/h3>\n\t\t<\/a><\/li>\n<li class=\"product-category product last\">\n\t<a aria-label=\"Visit product category Baby travel cots\" href=\"https:\/\/itinere.pl\/en\/product-category\/baby-travel-cots\/\"><img loading=\"lazy\" decoding=\"async\" data-src=\"https:\/\/itinere.pl\/wp-content\/uploads\/2017\/02\/lozeczkaturystyczne-450x338.jpg\" alt=\"Baby travel cots\" width=\"450\" height=\"338\" src=\"data:image\/gif;base64,R0lGODlhAQABAAAAACH5BAEKAAEALAAAAAABAAEAAAICTAEAOw==\" class=\"lazyload\" style=\"--smush-placeholder-width: 450px; --smush-placeholder-aspect-ratio: 450\/338;\" \/><noscript><img loading=\"lazy\" decoding=\"async\" src=\"https:\/\/itinere.pl\/wp-content\/uploads\/2017\/02\/lozeczkaturystyczne-450x338.jpg\" alt=\"Baby travel cots\" width=\"450\" height=\"338\" \/><\/noscript>\t\t<h3 class=\"woocommerce-loop-category__title\">\n\t\t\tBaby travel cots <mark class=\"count\">(2)<\/mark>\t\t<\/h3>\n\t\t<\/a><\/li>\n<li class=\"product-category product first\">\n\t<a aria-label=\"Visit product category Radios\" href=\"https:\/\/itinere.pl\/en\/product-category\/radios\/\"><img loading=\"lazy\" decoding=\"async\" data-src=\"https:\/\/itinere.pl\/wp-content\/uploads\/2017\/02\/walkietaklie-450x338.jpg\" alt=\"Radios\" width=\"450\" height=\"338\" src=\"data:image\/gif;base64,R0lGODlhAQABAAAAACH5BAEKAAEALAAAAAABAAEAAAICTAEAOw==\" class=\"lazyload\" style=\"--smush-placeholder-width: 450px; --smush-placeholder-aspect-ratio: 450\/338;\" \/><noscript><img loading=\"lazy\" decoding=\"async\" src=\"https:\/\/itinere.pl\/wp-content\/uploads\/2017\/02\/walkietaklie-450x338.jpg\" alt=\"Radios\" width=\"450\" height=\"338\" \/><\/noscript>\t\t<h3 class=\"woocommerce-loop-category__title\">\n\t\t\tRadios <mark class=\"count\">(1)<\/mark>\t\t<\/h3>\n\t\t<\/a><\/li>\n<li class=\"product-category product\">\n\t<a aria-label=\"Visit product category Ski sets\" href=\"https:\/\/itinere.pl\/en\/product-category\/ski-sets\/\"><img loading=\"lazy\" decoding=\"async\" data-src=\"https:\/\/itinere.pl\/wp-content\/uploads\/2017\/02\/nordiccab-450x338.jpg\" alt=\"Ski sets\" width=\"450\" height=\"338\" src=\"data:image\/gif;base64,R0lGODlhAQABAAAAACH5BAEKAAEALAAAAAABAAEAAAICTAEAOw==\" class=\"lazyload\" style=\"--smush-placeholder-width: 450px; --smush-placeholder-aspect-ratio: 450\/338;\" \/><noscript><img loading=\"lazy\" decoding=\"async\" src=\"https:\/\/itinere.pl\/wp-content\/uploads\/2017\/02\/nordiccab-450x338.jpg\" alt=\"Ski sets\" width=\"450\" height=\"338\" \/><\/noscript>\t\t<h3 class=\"woocommerce-loop-category__title\">\n\t\t\tSki sets <mark class=\"count\">(2)<\/mark>\t\t<\/h3>\n\t\t<\/a><\/li>\n<li class=\"product-category product last\">\n\t<a aria-label=\"Visit product category Thule\" href=\"https:\/\/itinere.pl\/en\/product-category\/thule\/\"><img loading=\"lazy\" decoding=\"async\" data-src=\"https:\/\/itinere.pl\/wp-content\/uploads\/2017\/02\/bagazniki-450x338.jpg\" alt=\"Thule\" width=\"450\" height=\"338\" src=\"data:image\/gif;base64,R0lGODlhAQABAAAAACH5BAEKAAEALAAAAAABAAEAAAICTAEAOw==\" class=\"lazyload\" style=\"--smush-placeholder-width: 450px; --smush-placeholder-aspect-ratio: 450\/338;\" \/><noscript><img loading=\"lazy\" decoding=\"async\" src=\"https:\/\/itinere.pl\/wp-content\/uploads\/2017\/02\/bagazniki-450x338.jpg\" alt=\"Thule\" width=\"450\" height=\"338\" \/><\/noscript>\t\t<h3 class=\"woocommerce-loop-category__title\">\n\t\t\tThule <mark class=\"count\">(6)<\/mark>\t\t<\/h3>\n\t\t<\/a><\/li>\n<li class=\"product-category product first\">\n\t<a aria-label=\"Visit product category Bike accesories\" href=\"https:\/\/itinere.pl\/en\/product-category\/bike-accesories\/\"><img loading=\"lazy\" decoding=\"async\" data-src=\"https:\/\/itinere.pl\/wp-content\/uploads\/2017\/02\/przyczepki-450x338.jpg\" alt=\"Bike accesories\" width=\"450\" height=\"338\" src=\"data:image\/gif;base64,R0lGODlhAQABAAAAACH5BAEKAAEALAAAAAABAAEAAAICTAEAOw==\" class=\"lazyload\" style=\"--smush-placeholder-width: 450px; --smush-placeholder-aspect-ratio: 450\/338;\" \/><noscript><img loading=\"lazy\" decoding=\"async\" src=\"https:\/\/itinere.pl\/wp-content\/uploads\/2017\/02\/przyczepki-450x338.jpg\" alt=\"Bike accesories\" width=\"450\" height=\"338\" \/><\/noscript>\t\t<h3 class=\"woocommerce-loop-category__title\">\n\t\t\tBike accesories <mark class=\"count\">(21)<\/mark>\t\t<\/h3>\n\t\t<\/a><\/li>\n<\/ul>\n<\/div>\n<\/div><\/section><\/div>\n","protected":false},"excerpt":{"rendered":"","protected":false},"author":41,"featured_media":0,"parent":0,"menu_order":0,"comment_status":"closed","ping_status":"closed","template":"","meta":{"footnotes":""},"yoast_head":"<!-- This site is optimized with the Yoast SEO plugin v22.9 - https:\/\/yoast.com\/wordpress\/plugins\/seo\/ -->\n<title>Wypo\u017cyczalnia sprz\u0119tu turystycznego w Gda\u0144sku | Wypo\u017cyczalnia Itinere<\/title>\n<meta name=\"description\" content=\"Wypo\u017cyczalnia sprz\u0119tu turystycznego to miejsce stworzone z my\u015bl\u0105 o aktywnych rodzicach. Poka\u017c swojemu dziecku \u015awiat! Nie jeste\u015b pewien jaki sprz\u0119t wybra\u0107 - zadzwo\u0144 i zapytaj ch\u0119tnie doradzimy dziel\u0105c si\u0119 swoim do\u015bwiadczeniem.\" \/>\n<meta name=\"robots\" content=\"index, follow, max-snippet:-1, max-image-preview:large, max-video-preview:-1\" \/>\n<link rel=\"canonical\" href=\"https:\/\/itinere.pl\/en\/wypozyczalnia\/\" \/>\n<meta property=\"og:locale\" content=\"en_US\" \/>\n<meta property=\"og:type\" content=\"article\" \/>\n<meta property=\"og:title\" content=\"Wypo\u017cyczalnia sprz\u0119tu turystycznego w Gda\u0144sku | Wypo\u017cyczalnia Itinere\" \/>\n<meta property=\"og:description\" content=\"Wypo\u017cyczalnia sprz\u0119tu turystycznego to miejsce stworzone z my\u015bl\u0105 o aktywnych rodzicach. Poka\u017c swojemu dziecku \u015awiat! Nie jeste\u015b pewien jaki sprz\u0119t wybra\u0107 - zadzwo\u0144 i zapytaj ch\u0119tnie doradzimy dziel\u0105c si\u0119 swoim do\u015bwiadczeniem.\" \/>\n<meta property=\"og:url\" content=\"https:\/\/itinere.pl\/en\/wypozyczalnia\/\" \/>\n<meta property=\"og:site_name\" content=\"Wypo\u017cyczalnia Itinere\" \/>\n<meta property=\"article:publisher\" content=\"https:\/\/www.facebook.com\/Itinere\/\" \/>\n<meta property=\"article:modified_time\" content=\"2017-02-24T12:16:35+00:00\" \/>\n<meta property=\"og:image\" content=\"https:\/\/itinere.pl\/wp-content\/uploads\/2018\/10\/itinere-logo-nowe.png\" \/>\n\t<meta property=\"og:image:width\" content=\"1000\" \/>\n\t<meta property=\"og:image:height\" content=\"1000\" \/>\n\t<meta property=\"og:image:type\" content=\"image\/png\" \/>\n<meta name=\"twitter:card\" content=\"summary_large_image\" \/>\n<meta name=\"twitter:label1\" content=\"Est. reading time\" \/>\n\t<meta name=\"twitter:data1\" content=\"2 minutes\" \/>\n<script type=\"application\/ld+json\" class=\"yoast-schema-graph\">{\"@context\":\"https:\/\/schema.org\",\"@graph\":[{\"@type\":\"WebPage\",\"@id\":\"https:\/\/itinere.pl\/en\/wypozyczalnia\/\",\"url\":\"https:\/\/itinere.pl\/en\/wypozyczalnia\/\",\"name\":\"Wypo\u017cyczalnia sprz\u0119tu turystycznego w Gda\u0144sku | Wypo\u017cyczalnia Itinere\",\"isPartOf\":{\"@id\":\"https:\/\/itinere.pl\/#website\"},\"datePublished\":\"2017-02-23T13:23:08+00:00\",\"dateModified\":\"2017-02-24T12:16:35+00:00\",\"description\":\"Wypo\u017cyczalnia sprz\u0119tu turystycznego to miejsce stworzone z my\u015bl\u0105 o aktywnych rodzicach. Poka\u017c swojemu dziecku \u015awiat! Nie jeste\u015b pewien jaki sprz\u0119t wybra\u0107 - zadzwo\u0144 i zapytaj ch\u0119tnie doradzimy dziel\u0105c si\u0119 swoim do\u015bwiadczeniem.\",\"breadcrumb\":{\"@id\":\"https:\/\/itinere.pl\/en\/wypozyczalnia\/#breadcrumb\"},\"inLanguage\":\"en-US\",\"potentialAction\":[{\"@type\":\"ReadAction\",\"target\":[\"https:\/\/itinere.pl\/en\/wypozyczalnia\/\"]}]},{\"@type\":\"BreadcrumbList\",\"@id\":\"https:\/\/itinere.pl\/en\/wypozyczalnia\/#breadcrumb\",\"itemListElement\":[{\"@type\":\"ListItem\",\"position\":1,\"name\":\"Strona g\u0142\u00f3wna\",\"item\":\"https:\/\/itinere.pl\/en\/\"},{\"@type\":\"ListItem\",\"position\":2,\"name\":\"Rental\"}]},{\"@type\":\"WebSite\",\"@id\":\"https:\/\/itinere.pl\/#website\",\"url\":\"https:\/\/itinere.pl\/\",\"name\":\"Wypo\u017cyczalnia Itinere\",\"description\":\"Sprz\u0119t turystyczny dla dzieci\",\"publisher\":{\"@id\":\"https:\/\/itinere.pl\/#organization\"},\"potentialAction\":[{\"@type\":\"SearchAction\",\"target\":{\"@type\":\"EntryPoint\",\"urlTemplate\":\"https:\/\/itinere.pl\/?s={search_term_string}\"},\"query-input\":\"required name=search_term_string\"}],\"inLanguage\":\"en-US\"},{\"@type\":\"Organization\",\"@id\":\"https:\/\/itinere.pl\/#organization\",\"name\":\"Itinere - wypo\u017cyczalnia i sklep z przyczepkami rowerowymi\",\"url\":\"https:\/\/itinere.pl\/\",\"logo\":{\"@type\":\"ImageObject\",\"inLanguage\":\"en-US\",\"@id\":\"https:\/\/itinere.pl\/#\/schema\/logo\/image\/\",\"url\":\"https:\/\/itinere.pl\/wp-content\/uploads\/2018\/08\/itinere-logo-final.jpg\",\"contentUrl\":\"https:\/\/itinere.pl\/wp-content\/uploads\/2018\/08\/itinere-logo-final.jpg\",\"width\":\"567\",\"height\":\"470\",\"caption\":\"Itinere - wypo\u017cyczalnia i sklep z przyczepkami rowerowymi\"},\"image\":{\"@id\":\"https:\/\/itinere.pl\/#\/schema\/logo\/image\/\"},\"sameAs\":[\"https:\/\/www.facebook.com\/Itinere\/\"]}]}<\/script>\n<!-- \/ Yoast SEO plugin. -->","yoast_head_json":{"title":"Wypo\u017cyczalnia sprz\u0119tu turystycznego w Gda\u0144sku | Wypo\u017cyczalnia Itinere","description":"Wypo\u017cyczalnia sprz\u0119tu turystycznego to miejsce stworzone z my\u015bl\u0105 o aktywnych rodzicach. Poka\u017c swojemu dziecku \u015awiat! Nie jeste\u015b pewien jaki sprz\u0119t wybra\u0107 - zadzwo\u0144 i zapytaj ch\u0119tnie doradzimy dziel\u0105c si\u0119 swoim do\u015bwiadczeniem.","robots":{"index":"index","follow":"follow","max-snippet":"max-snippet:-1","max-image-preview":"max-image-preview:large","max-video-preview":"max-video-preview:-1"},"canonical":"https:\/\/itinere.pl\/en\/wypozyczalnia\/","og_locale":"en_US","og_type":"article","og_title":"Wypo\u017cyczalnia sprz\u0119tu turystycznego w Gda\u0144sku | Wypo\u017cyczalnia Itinere","og_description":"Wypo\u017cyczalnia sprz\u0119tu turystycznego to miejsce stworzone z my\u015bl\u0105 o aktywnych rodzicach. Poka\u017c swojemu dziecku \u015awiat! Nie jeste\u015b pewien jaki sprz\u0119t wybra\u0107 - zadzwo\u0144 i zapytaj ch\u0119tnie doradzimy dziel\u0105c si\u0119 swoim do\u015bwiadczeniem.","og_url":"https:\/\/itinere.pl\/en\/wypozyczalnia\/","og_site_name":"Wypo\u017cyczalnia Itinere","article_publisher":"https:\/\/www.facebook.com\/Itinere\/","article_modified_time":"2017-02-24T12:16:35+00:00","og_image":[{"width":1000,"height":1000,"url":"https:\/\/itinere.pl\/wp-content\/uploads\/2018\/10\/itinere-logo-nowe.png","type":"image\/png"}],"twitter_card":"summary_large_image","twitter_misc":{"Est. reading time":"2 minutes"},"schema":{"@context":"https:\/\/schema.org","@graph":[{"@type":"WebPage","@id":"https:\/\/itinere.pl\/en\/wypozyczalnia\/","url":"https:\/\/itinere.pl\/en\/wypozyczalnia\/","name":"Wypo\u017cyczalnia sprz\u0119tu turystycznego w Gda\u0144sku | Wypo\u017cyczalnia Itinere","isPartOf":{"@id":"https:\/\/itinere.pl\/#website"},"datePublished":"2017-02-23T13:23:08+00:00","dateModified":"2017-02-24T12:16:35+00:00","description":"Wypo\u017cyczalnia sprz\u0119tu turystycznego to miejsce stworzone z my\u015bl\u0105 o aktywnych rodzicach. Poka\u017c swojemu dziecku \u015awiat! Nie jeste\u015b pewien jaki sprz\u0119t wybra\u0107 - zadzwo\u0144 i zapytaj ch\u0119tnie doradzimy dziel\u0105c si\u0119 swoim do\u015bwiadczeniem.","breadcrumb":{"@id":"https:\/\/itinere.pl\/en\/wypozyczalnia\/#breadcrumb"},"inLanguage":"en-US","potentialAction":[{"@type":"ReadAction","target":["https:\/\/itinere.pl\/en\/wypozyczalnia\/"]}]},{"@type":"BreadcrumbList","@id":"https:\/\/itinere.pl\/en\/wypozyczalnia\/#breadcrumb","itemListElement":[{"@type":"ListItem","position":1,"name":"Strona g\u0142\u00f3wna","item":"https:\/\/itinere.pl\/en\/"},{"@type":"ListItem","position":2,"name":"Rental"}]},{"@type":"WebSite","@id":"https:\/\/itinere.pl\/#website","url":"https:\/\/itinere.pl\/","name":"Wypo\u017cyczalnia Itinere","description":"Sprz\u0119t turystyczny dla dzieci","publisher":{"@id":"https:\/\/itinere.pl\/#organization"},"potentialAction":[{"@type":"SearchAction","target":{"@type":"EntryPoint","urlTemplate":"https:\/\/itinere.pl\/?s={search_term_string}"},"query-input":"required name=search_term_string"}],"inLanguage":"en-US"},{"@type":"Organization","@id":"https:\/\/itinere.pl\/#organization","name":"Itinere - wypo\u017cyczalnia i sklep z przyczepkami rowerowymi","url":"https:\/\/itinere.pl\/","logo":{"@type":"ImageObject","inLanguage":"en-US","@id":"https:\/\/itinere.pl\/#\/schema\/logo\/image\/","url":"https:\/\/itinere.pl\/wp-content\/uploads\/2018\/08\/itinere-logo-final.jpg","contentUrl":"https:\/\/itinere.pl\/wp-content\/uploads\/2018\/08\/itinere-logo-final.jpg","width":"567","height":"470","caption":"Itinere - wypo\u017cyczalnia i sklep z przyczepkami rowerowymi"},"image":{"@id":"https:\/\/itinere.pl\/#\/schema\/logo\/image\/"},"sameAs":["https:\/\/www.facebook.com\/Itinere\/"]}]}},"_links":{"self":[{"href":"https:\/\/itinere.pl\/en\/wp-json\/wp\/v2\/pages\/1244"}],"collection":[{"href":"https:\/\/itinere.pl\/en\/wp-json\/wp\/v2\/pages"}],"about":[{"href":"https:\/\/itinere.pl\/en\/wp-json\/wp\/v2\/types\/page"}],"author":[{"embeddable":true,"href":"https:\/\/itinere.pl\/en\/wp-json\/wp\/v2\/users\/41"}],"replies":[{"embeddable":true,"href":"https:\/\/itinere.pl\/en\/wp-json\/wp\/v2\/comments?post=1244"}],"version-history":[{"count":0,"href":"https:\/\/itinere.pl\/en\/wp-json\/wp\/v2\/pages\/1244\/revisions"}],"wp:attachment":[{"href":"https:\/\/itinere.pl\/en\/wp-json\/wp\/v2\/media?parent=1244"}],"curies":[{"name":"wp","href":"https:\/\/api.w.org\/{rel}","templated":true}]}}