{"id":1240,"date":"2017-02-23T14:21:59","date_gmt":"2017-02-23T13:21:59","guid":{"rendered":"https:\/\/itinere.pl\/?page_id=1240&#038;lang=en"},"modified":"2017-02-24T12:16:10","modified_gmt":"2017-02-24T11:16:10","slug":"trasy-rowerowe","status":"publish","type":"page","link":"https:\/\/itinere.pl\/en\/trasy-rowerowe\/","title":{"rendered":"Cycling routes"},"content":{"rendered":"<div id='full_slider_1'  class='avia-fullwidth-slider main_color avia-shadow   avia-builder-el-0  el_before_av_section  avia-builder-el-first   container_wrap sidebar_right'  >\n<style type=\"text\/css\" data-created_by=\"avia_inline_auto\" id=\"style-css-av-av_slideshow_full-de3ad9507b71acd413a28420cae4f1ac\">\n#top #wrap_all .avia-slideshow .av-slideshow-caption.av-av_slideshow_full-de3ad9507b71acd413a28420cae4f1ac__0 .avia-caption-title{\nfont-size:40px;\n}\n<\/style>\n<div  class='avia-slideshow av-av_slideshow_full-de3ad9507b71acd413a28420cae4f1ac avia-slideshow-entry_without_sidebar av_slideshow_full avia-slide-slider av-slideshow-ui av-control-hidden av-no-slider-navigation av-hide-nav-arrows av-slideshow-manual av-loop-once av-loop-manual-endless av-default-height-applied   avia-slideshow-1' data-slideshow-options=\"{&quot;animation&quot;:&quot;slide&quot;,&quot;autoplay&quot;:false,&quot;loop_autoplay&quot;:&quot;once&quot;,&quot;interval&quot;:5,&quot;loop_manual&quot;:&quot;manual-endless&quot;,&quot;autoplay_stopper&quot;:false,&quot;noNavigation&quot;:true,&quot;bg_slider&quot;:false,&quot;keep_padding&quot;:false,&quot;hoverpause&quot;:false,&quot;show_slide_delay&quot;:0}\"  itemprop=\"image\" itemscope=\"itemscope\" itemtype=\"https:\/\/schema.org\/ImageObject\" ><ul class='avia-slideshow-inner ' style='padding-bottom: 13.305785123967%;'><li  class='avia-slideshow-slide av-av_slideshow_full-de3ad9507b71acd413a28420cae4f1ac__0  av-single-slide slide-1 slide-odd'><div data-rel='slideshow-1' class='avia-slide-wrap '   ><div class='av-slideshow-caption av-av_slideshow_full-de3ad9507b71acd413a28420cae4f1ac__0 caption_fullwidth caption_center'><div class=\"container caption_container\"><div class=\"slideshow_caption\"><div class=\"slideshow_inner_caption\"><div class=\"slideshow_align_caption\"><h2 class='avia-caption-title '  itemprop=\"name\" >Cycling routes<\/h2><\/div><\/div><\/div><\/div><\/div><img decoding=\"async\" fetchpriority=\"high\" class=\"wp-image-1113 avia-img-lazy-loading-not-1113\"  src=\"https:\/\/itinere.pl\/wp-content\/uploads\/2017\/02\/bikeroad.jpg\" width=\"1210\" height=\"161\" title='bikeroad' alt=''  itemprop=\"thumbnailUrl\" srcset=\"https:\/\/itinere.pl\/wp-content\/uploads\/2017\/02\/bikeroad.jpg 1920w, https:\/\/itinere.pl\/wp-content\/uploads\/2017\/02\/bikeroad-450x60.jpg 450w\" sizes=\"(max-width: 1210px) 100vw, 1210px\" \/><div class='av-section-color-overlay' style='opacity: 0.5; background-color: #000000; '><\/div><\/div><\/li><\/ul><\/div><\/div>\n<div id='nowybreadcrumb'  class='avia-section av-av_section-fa60f8100aabfd40470ba5da2f780dfb main_color avia-section-no-padding avia-no-border-styling  avia-builder-el-1  el_after_av_slideshow_full  el_before_av_icon_box  avia-bg-style-scroll container_wrap sidebar_right'  ><div class='container av-section-cont-open' ><div class='template-page content  av-content-small alpha units'><div class='post-entry post-entry-type-page post-entry-1240'><div class='entry-content-wrapper clearfix'>\n\n<\/div><\/div><\/div><!-- close content main div --><\/div><\/div><div id='after_section_1'  class='main_color av_default_container_wrap container_wrap sidebar_right'  ><div class='container av-section-cont-open' ><div class='template-page content  av-content-small alpha units'><div class='post-entry post-entry-type-page post-entry-1240'><div class='entry-content-wrapper clearfix'>\n<article  class='iconbox iconbox_left_content av-av_icon_box-432f396aaeade1f18188eaa5c94b9848  avia-builder-el-3  el_after_av_section  el_before_av_one_full  avia-builder-el-first '  itemscope=\"itemscope\" itemtype=\"https:\/\/schema.org\/CreativeWork\" ><div class=\"iconbox_icon heading-color\" aria-hidden='true' data-av_icon='\ue843' data-av_iconfont='entypo-fontello'><\/div><div class=\"iconbox_content\"><header class=\"entry-content-header\"><h3 class='iconbox_content_title '  itemprop=\"headline\" >Aktualne mapy \u015bcie\u017cek rowerowych Tr\u00f3jmiasta<\/h3><\/header><div class='iconbox_content_container '  itemprop=\"text\" ><p>Dla Pa\u0144stwa wygody przygotowali\u015bmy na bie\u017c\u0105co aktualizowan\u0105, interaktywn\u0105 map\u0119 \u015bcie\u017cek rowerowych w Gda\u0144sku, Gdyni i Sopocie. Udanych wypraw!<\/p>\n<\/div><\/div><footer class=\"entry-footer\"><\/footer><\/article>\n\n<style type=\"text\/css\" data-created_by=\"avia_inline_auto\" id=\"style-css-av-av_one_full-92b405adbca216c84df81839838043a3\">\n#top .flex_column.av-av_one_full-92b405adbca216c84df81839838043a3{\nmargin-top:0px;\nmargin-bottom:30px;\n}\n.flex_column.av-av_one_full-92b405adbca216c84df81839838043a3{\nborder-radius:0px 0px 0px 0px;\npadding:0px 0px 0px 0px;\n}\n.responsive #top #wrap_all .flex_column.av-av_one_full-92b405adbca216c84df81839838043a3{\nmargin-top:0px;\nmargin-bottom:30px;\n}\n<\/style>\n<div  class='flex_column av-av_one_full-92b405adbca216c84df81839838043a3 av_one_full  avia-builder-el-4  el_after_av_icon_box  el_before_av_codeblock  first flex_column_div av-zero-column-padding  '     ><div  class='hr av-av_hr-dcd2069817a0e3d34ae04cad8f3443c7 hr-default  avia-builder-el-5  avia-builder-el-no-sibling '><span class='hr-inner '><span class=\"hr-inner-style\"><\/span><\/span><\/div><\/div>\n\n","protected":false},"excerpt":{"rendered":"","protected":false},"author":41,"featured_media":0,"parent":0,"menu_order":0,"comment_status":"closed","ping_status":"closed","template":"","meta":{"footnotes":""},"yoast_head":"<!-- This site is optimized with the Yoast SEO plugin v22.9 - https:\/\/yoast.com\/wordpress\/plugins\/seo\/ -->\n<title>Cycling routes<\/title>\n<meta name=\"robots\" content=\"index, follow, max-snippet:-1, max-image-preview:large, max-video-preview:-1\" \/>\n<link rel=\"canonical\" href=\"https:\/\/itinere.pl\/en\/trasy-rowerowe\/\" \/>\n<meta property=\"og:locale\" content=\"en_US\" \/>\n<meta property=\"og:type\" content=\"article\" \/>\n<meta property=\"og:title\" content=\"Cycling routes\" \/>\n<meta property=\"og:url\" content=\"https:\/\/itinere.pl\/en\/trasy-rowerowe\/\" \/>\n<meta property=\"og:site_name\" content=\"Wypo\u017cyczalnia Itinere\" \/>\n<meta property=\"article:publisher\" content=\"https:\/\/www.facebook.com\/Itinere\/\" \/>\n<meta property=\"article:modified_time\" content=\"2017-02-24T11:16:10+00:00\" \/>\n<meta property=\"og:image\" content=\"https:\/\/itinere.pl\/wp-content\/uploads\/2018\/10\/itinere-logo-nowe.png\" \/>\n\t<meta property=\"og:image:width\" content=\"1000\" \/>\n\t<meta property=\"og:image:height\" content=\"1000\" \/>\n\t<meta property=\"og:image:type\" content=\"image\/png\" \/>\n<meta name=\"twitter:card\" content=\"summary_large_image\" \/>\n<meta name=\"twitter:label1\" content=\"Est. reading time\" \/>\n\t<meta name=\"twitter:data1\" content=\"2 minutes\" \/>\n<script type=\"application\/ld+json\" class=\"yoast-schema-graph\">{\"@context\":\"https:\/\/schema.org\",\"@graph\":[{\"@type\":\"WebPage\",\"@id\":\"https:\/\/itinere.pl\/en\/trasy-rowerowe\/\",\"url\":\"https:\/\/itinere.pl\/en\/trasy-rowerowe\/\",\"name\":\"Cycling routes\",\"isPartOf\":{\"@id\":\"https:\/\/itinere.pl\/#website\"},\"datePublished\":\"2017-02-23T13:21:59+00:00\",\"dateModified\":\"2017-02-24T11:16:10+00:00\",\"breadcrumb\":{\"@id\":\"https:\/\/itinere.pl\/en\/trasy-rowerowe\/#breadcrumb\"},\"inLanguage\":\"en-US\",\"potentialAction\":[{\"@type\":\"ReadAction\",\"target\":[\"https:\/\/itinere.pl\/en\/trasy-rowerowe\/\"]}]},{\"@type\":\"BreadcrumbList\",\"@id\":\"https:\/\/itinere.pl\/en\/trasy-rowerowe\/#breadcrumb\",\"itemListElement\":[{\"@type\":\"ListItem\",\"position\":1,\"name\":\"Strona g\u0142\u00f3wna\",\"item\":\"https:\/\/itinere.pl\/en\/\"},{\"@type\":\"ListItem\",\"position\":2,\"name\":\"Cycling routes\"}]},{\"@type\":\"WebSite\",\"@id\":\"https:\/\/itinere.pl\/#website\",\"url\":\"https:\/\/itinere.pl\/\",\"name\":\"Wypo\u017cyczalnia Itinere\",\"description\":\"Sprz\u0119t turystyczny dla dzieci\",\"publisher\":{\"@id\":\"https:\/\/itinere.pl\/#organization\"},\"potentialAction\":[{\"@type\":\"SearchAction\",\"target\":{\"@type\":\"EntryPoint\",\"urlTemplate\":\"https:\/\/itinere.pl\/?s={search_term_string}\"},\"query-input\":\"required name=search_term_string\"}],\"inLanguage\":\"en-US\"},{\"@type\":\"Organization\",\"@id\":\"https:\/\/itinere.pl\/#organization\",\"name\":\"Itinere - wypo\u017cyczalnia i sklep z przyczepkami rowerowymi\",\"url\":\"https:\/\/itinere.pl\/\",\"logo\":{\"@type\":\"ImageObject\",\"inLanguage\":\"en-US\",\"@id\":\"https:\/\/itinere.pl\/#\/schema\/logo\/image\/\",\"url\":\"https:\/\/itinere.pl\/wp-content\/uploads\/2018\/08\/itinere-logo-final.jpg\",\"contentUrl\":\"https:\/\/itinere.pl\/wp-content\/uploads\/2018\/08\/itinere-logo-final.jpg\",\"width\":\"567\",\"height\":\"470\",\"caption\":\"Itinere - wypo\u017cyczalnia i sklep z przyczepkami rowerowymi\"},\"image\":{\"@id\":\"https:\/\/itinere.pl\/#\/schema\/logo\/image\/\"},\"sameAs\":[\"https:\/\/www.facebook.com\/Itinere\/\"]}]}<\/script>\n<!-- \/ Yoast SEO plugin. -->","yoast_head_json":{"title":"Cycling routes","robots":{"index":"index","follow":"follow","max-snippet":"max-snippet:-1","max-image-preview":"max-image-preview:large","max-video-preview":"max-video-preview:-1"},"canonical":"https:\/\/itinere.pl\/en\/trasy-rowerowe\/","og_locale":"en_US","og_type":"article","og_title":"Cycling routes","og_url":"https:\/\/itinere.pl\/en\/trasy-rowerowe\/","og_site_name":"Wypo\u017cyczalnia Itinere","article_publisher":"https:\/\/www.facebook.com\/Itinere\/","article_modified_time":"2017-02-24T11:16:10+00:00","og_image":[{"width":1000,"height":1000,"url":"https:\/\/itinere.pl\/wp-content\/uploads\/2018\/10\/itinere-logo-nowe.png","type":"image\/png"}],"twitter_card":"summary_large_image","twitter_misc":{"Est. reading time":"2 minutes"},"schema":{"@context":"https:\/\/schema.org","@graph":[{"@type":"WebPage","@id":"https:\/\/itinere.pl\/en\/trasy-rowerowe\/","url":"https:\/\/itinere.pl\/en\/trasy-rowerowe\/","name":"Cycling routes","isPartOf":{"@id":"https:\/\/itinere.pl\/#website"},"datePublished":"2017-02-23T13:21:59+00:00","dateModified":"2017-02-24T11:16:10+00:00","breadcrumb":{"@id":"https:\/\/itinere.pl\/en\/trasy-rowerowe\/#breadcrumb"},"inLanguage":"en-US","potentialAction":[{"@type":"ReadAction","target":["https:\/\/itinere.pl\/en\/trasy-rowerowe\/"]}]},{"@type":"BreadcrumbList","@id":"https:\/\/itinere.pl\/en\/trasy-rowerowe\/#breadcrumb","itemListElement":[{"@type":"ListItem","position":1,"name":"Strona g\u0142\u00f3wna","item":"https:\/\/itinere.pl\/en\/"},{"@type":"ListItem","position":2,"name":"Cycling routes"}]},{"@type":"WebSite","@id":"https:\/\/itinere.pl\/#website","url":"https:\/\/itinere.pl\/","name":"Wypo\u017cyczalnia Itinere","description":"Sprz\u0119t turystyczny dla dzieci","publisher":{"@id":"https:\/\/itinere.pl\/#organization"},"potentialAction":[{"@type":"SearchAction","target":{"@type":"EntryPoint","urlTemplate":"https:\/\/itinere.pl\/?s={search_term_string}"},"query-input":"required name=search_term_string"}],"inLanguage":"en-US"},{"@type":"Organization","@id":"https:\/\/itinere.pl\/#organization","name":"Itinere - wypo\u017cyczalnia i sklep z przyczepkami rowerowymi","url":"https:\/\/itinere.pl\/","logo":{"@type":"ImageObject","inLanguage":"en-US","@id":"https:\/\/itinere.pl\/#\/schema\/logo\/image\/","url":"https:\/\/itinere.pl\/wp-content\/uploads\/2018\/08\/itinere-logo-final.jpg","contentUrl":"https:\/\/itinere.pl\/wp-content\/uploads\/2018\/08\/itinere-logo-final.jpg","width":"567","height":"470","caption":"Itinere - wypo\u017cyczalnia i sklep z przyczepkami rowerowymi"},"image":{"@id":"https:\/\/itinere.pl\/#\/schema\/logo\/image\/"},"sameAs":["https:\/\/www.facebook.com\/Itinere\/"]}]}},"_links":{"self":[{"href":"https:\/\/itinere.pl\/en\/wp-json\/wp\/v2\/pages\/1240"}],"collection":[{"href":"https:\/\/itinere.pl\/en\/wp-json\/wp\/v2\/pages"}],"about":[{"href":"https:\/\/itinere.pl\/en\/wp-json\/wp\/v2\/types\/page"}],"author":[{"embeddable":true,"href":"https:\/\/itinere.pl\/en\/wp-json\/wp\/v2\/users\/41"}],"replies":[{"embeddable":true,"href":"https:\/\/itinere.pl\/en\/wp-json\/wp\/v2\/comments?post=1240"}],"version-history":[{"count":0,"href":"https:\/\/itinere.pl\/en\/wp-json\/wp\/v2\/pages\/1240\/revisions"}],"wp:attachment":[{"href":"https:\/\/itinere.pl\/en\/wp-json\/wp\/v2\/media?parent=1240"}],"curies":[{"name":"wp","href":"https:\/\/api.w.org\/{rel}","templated":true}]}}