{"id":1238,"date":"2017-02-23T14:21:34","date_gmt":"2017-02-23T13:21:34","guid":{"rendered":"https:\/\/itinere.pl\/?page_id=1238&#038;lang=en"},"modified":"2023-04-07T16:18:53","modified_gmt":"2023-04-07T14:18:53","slug":"regulamin","status":"publish","type":"page","link":"https:\/\/itinere.pl\/en\/regulamin\/","title":{"rendered":"Terms and conditions"},"content":{"rendered":"<div id='full_slider_1'  class='avia-fullwidth-slider main_color avia-shadow   avia-builder-el-0  el_before_av_section  avia-builder-el-first   container_wrap sidebar_right'  >\n<style type=\"text\/css\" data-created_by=\"avia_inline_auto\" id=\"style-css-av-orgd12-cf237a7242a179ab84712f4e6aba3171\">\n#top #wrap_all .avia-slideshow .av-slideshow-caption.av-orgd12-cf237a7242a179ab84712f4e6aba3171__0 .avia-caption-title{\nfont-size:40px;\n}\n<\/style>\n<div  class='avia-slideshow av-orgd12-cf237a7242a179ab84712f4e6aba3171 avia-slideshow-entry_without_sidebar av_slideshow_full avia-slide-slider av-slideshow-ui av-control-hidden av-no-slider-navigation av-hide-nav-arrows av-slideshow-manual av-loop-once av-loop-manual-endless av-default-height-applied   avia-slideshow-1' data-slideshow-options=\"{&quot;animation&quot;:&quot;slide&quot;,&quot;autoplay&quot;:false,&quot;loop_autoplay&quot;:&quot;once&quot;,&quot;interval&quot;:5,&quot;loop_manual&quot;:&quot;manual-endless&quot;,&quot;autoplay_stopper&quot;:false,&quot;noNavigation&quot;:true,&quot;bg_slider&quot;:false,&quot;keep_padding&quot;:false,&quot;hoverpause&quot;:false,&quot;show_slide_delay&quot;:0}\"  itemprop=\"image\" itemscope=\"itemscope\" itemtype=\"https:\/\/schema.org\/ImageObject\" ><ul class='avia-slideshow-inner ' style='padding-bottom: 13.305785123967%;'><li  class='avia-slideshow-slide av-orgd12-cf237a7242a179ab84712f4e6aba3171__0  av-single-slide slide-1 slide-odd'><div data-rel='slideshow-1' class='avia-slide-wrap '   ><div class='av-slideshow-caption av-orgd12-cf237a7242a179ab84712f4e6aba3171__0 caption_fullwidth caption_center'><div class=\"container caption_container\"><div class=\"slideshow_caption\"><div class=\"slideshow_inner_caption\"><div class=\"slideshow_align_caption\"><h2 class='avia-caption-title '  itemprop=\"name\" >Terms and conditions and privacy policy<\/h2><\/div><\/div><\/div><\/div><\/div><img decoding=\"async\" fetchpriority=\"high\" class=\"wp-image-1112 avia-img-lazy-loading-not-1112\"  src=\"https:\/\/itinere.pl\/wp-content\/uploads\/2017\/02\/regulamin.jpg\" width=\"1210\" height=\"161\" title='regulamin' alt=''  itemprop=\"thumbnailUrl\" srcset=\"https:\/\/itinere.pl\/wp-content\/uploads\/2017\/02\/regulamin.jpg 1920w, https:\/\/itinere.pl\/wp-content\/uploads\/2017\/02\/regulamin-450x60.jpg 450w\" sizes=\"(max-width: 1210px) 100vw, 1210px\" \/><div class='av-section-color-overlay' style='opacity: 0.5; background-color: #000000; '><\/div><\/div><\/li><\/ul><\/div><\/div>\n<div id='nowybreadcrumb'  class='avia-section av-laojs6-eba479708e6788d4c1a1e347469da491 main_color avia-section-no-padding avia-no-border-styling  avia-builder-el-1  el_after_av_slideshow_full  el_before_av_three_fourth  avia-bg-style-scroll container_wrap sidebar_right'  ><div class='container av-section-cont-open' ><div class='template-page content  av-content-small alpha units'><div class='post-entry post-entry-type-page post-entry-1238'><div class='entry-content-wrapper clearfix'>\n\n<\/div><\/div><\/div><!-- close content main div --><\/div><\/div><div id='after_section_1'  class='main_color av_default_container_wrap container_wrap sidebar_right'  ><div class='container av-section-cont-open' ><div class='template-page content  av-content-small alpha units'><div class='post-entry post-entry-type-page post-entry-1238'><div class='entry-content-wrapper clearfix'>\n\n<style type=\"text\/css\" data-created_by=\"avia_inline_auto\" id=\"style-css-av-h6196e-2d779a6a479e4ea4e8d128cbd7f4e765\">\n.flex_column.av-h6196e-2d779a6a479e4ea4e8d128cbd7f4e765{\nborder-radius:0px 0px 0px 0px;\npadding:0px 0px 0px 0px;\n}\n<\/style>\n<div  class='flex_column av-h6196e-2d779a6a479e4ea4e8d128cbd7f4e765 av_three_fourth  avia-builder-el-3  el_after_av_section  el_before_av_one_fourth  avia-builder-el-first  first flex_column_div av-zero-column-padding  '     ><article  class='iconbox iconbox_left_content av-1jo9qe-b0116981a06e915cddca4d9085a162be  avia-builder-el-4  avia-builder-el-no-sibling '  itemscope=\"itemscope\" itemtype=\"https:\/\/schema.org\/CreativeWork\" ><div class=\"iconbox_icon heading-color\" aria-hidden='true' data-av_icon='\ue841' data-av_iconfont='entypo-fontello'><\/div><div class=\"iconbox_content\"><header class=\"entry-content-header\"><h3 class='iconbox_content_title '  itemprop=\"headline\" >W\u0142a\u015bcicielem wypo\u017cyczalni jest firma Itinere <\/h3><\/header><div class='iconbox_content_container '  itemprop=\"text\" ><p>\n<style type=\"text\/css\" data-created_by=\"avia_inline_auto\" id=\"style-css-av-e8po9i-41fec3b7457cd2b0031a435eb1b26175\">\n.av_font_icon.av-e8po9i-41fec3b7457cd2b0031a435eb1b26175 .av-icon-char{\nfont-size:20px;\nline-height:20px;\n}\n<\/style>\n<span  class='av_font_icon av-e8po9i-41fec3b7457cd2b0031a435eb1b26175 avia_animate_when_visible av-icon-style- avia-icon-pos-left av-no-color avia-icon-animate'><span class='av-icon-char' aria-hidden='true' data-av_icon='\ue821' data-av_iconfont='entypo-fontello' ><\/span><\/span>\u00a0ul. Junony 33c\/8,\u00a080-299 Gda\u0144sk Osowa<\/p>\n<p>\n<style type=\"text\/css\" data-created_by=\"avia_inline_auto\" id=\"style-css-av-cvbjx2-c86735cc6e343867bb699e3e0192ce02\">\n.av_font_icon.av-cvbjx2-c86735cc6e343867bb699e3e0192ce02 .av-icon-char{\nfont-size:20px;\nline-height:20px;\n}\n<\/style>\n<span  class='av_font_icon av-cvbjx2-c86735cc6e343867bb699e3e0192ce02 avia_animate_when_visible av-icon-style- avia-icon-pos-left av-no-color avia-icon-animate'><span class='av-icon-char' aria-hidden='true' data-av_icon='\ue854' data-av_iconfont='entypo-fontello' ><\/span><\/span>\u00a0537-33-66-35<\/p>\n<p>\n<style type=\"text\/css\" data-created_by=\"avia_inline_auto\" id=\"style-css-av-a3m38m-2898a212cf07e428d529e84388391ee9\">\n.av_font_icon.av-a3m38m-2898a212cf07e428d529e84388391ee9 .av-icon-char{\nfont-size:20px;\nline-height:20px;\n}\n<\/style>\n<span  class='av_font_icon av-a3m38m-2898a212cf07e428d529e84388391ee9 avia_animate_when_visible av-icon-style- avia-icon-pos-left av-no-color avia-icon-animate'><span class='av-icon-char' aria-hidden='true' data-av_icon='\ue849' data-av_iconfont='entypo-fontello' ><\/span><\/span>\u00a0NIP 583-150-20-72<\/p>\n<p>Je\u017celi nie posiadamy przedmiotu, kt\u00f3ry chcesz wypo\u017cyczy\u0107, b\u0105d\u017a wszystkie jego egzemplarze s\u0105 aktualnie wypo\u017cyczone, prosimy o kontakt \u2013 mo\u017ce uda nam si\u0119 go dla Ciebie zdoby\u0107.<\/p>\n<\/div><\/div><footer class=\"entry-footer\"><\/footer><\/article><\/div>\n\n<style type=\"text\/css\" data-created_by=\"avia_inline_auto\" id=\"style-css-av-9abk9y-4901f2a91f2a1b8c6215dc37cd2e096e\">\n.flex_column.av-9abk9y-4901f2a91f2a1b8c6215dc37cd2e096e{\nborder-radius:0px 0px 0px 0px;\npadding:0px 0px 0px 0px;\n}\n<\/style>\n<div  class='flex_column av-9abk9y-4901f2a91f2a1b8c6215dc37cd2e096e av_one_fourth  avia-builder-el-8  el_after_av_three_fourth  el_before_av_one_full  flex_column_div av-zero-column-padding  '     ><style type=\"text\/css\" data-created_by=\"avia_inline_auto\" id=\"style-css-av-7rdguu-2eb04bbd279fc04c812b9f05fef26cde\">\n.avia-image-container.av-7rdguu-2eb04bbd279fc04c812b9f05fef26cde img.avia_image{\nbox-shadow:none;\n}\n.avia-image-container.av-7rdguu-2eb04bbd279fc04c812b9f05fef26cde .av-image-caption-overlay-center{\ncolor:#ffffff;\n}\n<\/style>\n<div  class='avia-image-container av-7rdguu-2eb04bbd279fc04c812b9f05fef26cde av-styling- avia_animated_image av-animated-when-visible-95 right-to-left avia-align-center  avia-builder-el-9  avia-builder-el-no-sibling '   itemprop=\"image\" itemscope=\"itemscope\" itemtype=\"https:\/\/schema.org\/ImageObject\" ><div class=\"avia-image-container-inner\"><div class=\"avia-image-overlay-wrap\"><img decoding=\"async\" fetchpriority=\"high\" class='wp-image-926 avia-img-lazy-loading-not-926 avia_image ' src=\"https:\/\/itinere.pl\/wp-content\/uploads\/2017\/02\/logo-duze.png\" alt='' title='Wypo\u017cyczalnia Itinere'  height=\"383\" width=\"370\"  itemprop=\"thumbnailUrl\"  \/><\/div><\/div><\/div><\/div>\n\n<style type=\"text\/css\" data-created_by=\"avia_inline_auto\" id=\"style-css-av-565udy-e6646ddc87de4a93b5aacfac2a69cd69\">\n#top .flex_column.av-565udy-e6646ddc87de4a93b5aacfac2a69cd69{\nmargin-top:30px;\nmargin-bottom:30px;\n}\n.flex_column.av-565udy-e6646ddc87de4a93b5aacfac2a69cd69{\nborder-radius:0px 0px 0px 0px;\npadding:0px 0px 0px 0px;\n}\n.responsive #top #wrap_all .flex_column.av-565udy-e6646ddc87de4a93b5aacfac2a69cd69{\nmargin-top:30px;\nmargin-bottom:30px;\n}\n<\/style>\n<div  class='flex_column av-565udy-e6646ddc87de4a93b5aacfac2a69cd69 av_one_full  avia-builder-el-10  el_after_av_one_fourth  el_before_av_textblock  first flex_column_div av-zero-column-padding  column-top-margin'     ><div  class='hr av-4fqeue-213d3a8337d7a2dc35f32635bee72095 hr-default  avia-builder-el-11  avia-builder-el-no-sibling '><span class='hr-inner '><span class=\"hr-inner-style\"><\/span><\/span><\/div><\/div>\n<section  class='av_textblock_section av-1ybqxi-b07bd262d24789c68179c2efc6624f53 '   itemscope=\"itemscope\" itemtype=\"https:\/\/schema.org\/CreativeWork\" ><div class='avia_textblock'  itemprop=\"text\" ><p><strong>1. Wypo\u017cyczenie<\/strong><\/p>\n<p>Aby wypo\u017cyczy\u0107 sprz\u0119t nale\u017cy dokona\u0107 jego wcze\u015bniejszej rezerwacji przez Internet z wykorzystaniem kalendarza rezerwacji na naszej stronie internetowej.<br \/>\nPrzy odbiorze zam\u00f3wionego przez Internet sprz\u0119tu, nale\u017cy przedstawi\u0107 2 dokumenty potwierdzaj\u0105ce to\u017csamo\u015b\u0107 (dow\u00f3d osobisty, paszport, prawo jazdy\u2026).<\/p>\n<p><strong>2. Czas <\/strong><\/p>\n<p>Najemca decyduje, na jaki okres wypo\u017cycza przedmiot podpisuj\u0105c umow\u0119 najmu.<\/p>\n<p>Je\u017celi wypo\u017cyczany sprz\u0119t b\u0119dzie dost\u0119pny to istnieje mo\u017cliwo\u015b\u0107 nieodp\u0142atnego odbioru zam\u00f3wionego sprz\u0119tu dzie\u0144 wcze\u015bniej po godz. 18.30 lub zwrotu nast\u0119pnego dnia po terminie wypo\u017cyczenia (do godz. 11:00)<\/p>\n<p>Ch\u0119\u0107 wcze\u015bniejszego odebrania sprz\u0119tu (po godz. 18,30) lub p\u00f3\u017aniejszego zwrotu (do godz. 11:00) musi by\u0107 ka\u017cdorazowo uzgadniana z przedstawicielem wypo\u017cyczalni.<\/p>\n<p>W przypadku ch\u0119ci przed\u0142u\u017cenia okresu wypo\u017cyczenia, Najemca musi ui\u015bci\u0107 odpowiadaj\u0105c\u0105 przed\u0142u\u017ceniu kwot\u0119 wykorzystuj\u0105c funkcj\u0119 p\u0142atno\u015bci na stronie www.itinere.pl lub skontaktowa\u0107 si\u0119 z Firm\u0105 Itinere telefonicznie &#8211; przed\u0142u\u017cenie b\u0119dzie mo\u017cliwe po pisemnym potwierdzeniu tego przez firm\u0119 Itinere i przelaniu przez Najemc\u0119 nale\u017cno\u015bci za kolejny okres.<br \/>\nZa ka\u017cdy dzie\u0144 nieuzgodnionej z Wynajmuj\u0105cym zw\u0142oki w zwrocie przedmiotu pobiera si\u0119 op\u0142at\u0119, jak za wypo\u017cyczenie na jeden dzie\u0144, podwy\u017cszon\u0105 o 100%.<\/p>\n<p>Wynajmuj\u0105cy zastrzega sobie prawo do odst\u0105pienia od umowy w przypadku zaistnienia nieprzewidywalnej i niezawinionej przeszkody uniemo\u017cliwiaj\u0105cej realizacj\u0119 zam\u00f3wienia. W takim przypadku odst\u0105pienie od umowy nast\u0119puje za zwrotem przez Wynajmuj\u0105cego uiszczonej przez Najemc\u0119 wp\u0142aty.<\/p>\n<p><strong>3. Op\u0142aty<\/strong><\/p>\n<p>Nale\u017cno\u015b\u0107 za wypo\u017cyczenie oraz kaucja pobierane s\u0105 z g\u00f3ry za ca\u0142y okres wypo\u017cyczenia. Kaucja podlega zwrotowi. W przypadku zwrotu uszkodzonego sprz\u0119tu kaucja ulega zaliczeniu na poczet zwrotu koszt\u00f3w naprawy.<\/p>\n<p>P\u0142atno\u015bci mo\u017cna dokona\u0107 w nast\u0119puj\u0105cy spos\u00f3b:<br \/>\nA. przez Internet &#8211; korzystaj\u0105c z funkcji p\u0142atno\u015bci na stronie internetowej https:\/\/itinere.pl,<br \/>\nB. przelewem na konto bankowe Mbank 31 1140 2004 0000 3802 7412 5002<br \/>\nC. osobi\u015bcie &#8211; dokonuj\u0105c p\u0142atno\u015bci got\u00f3wk\u0105 przy odbiorze zam\u00f3wionego sprz\u0119tu (mo\u017cliwe tylko po wcze\u015bniejszym uzgodnieniu telefonicznym).<br \/>\nP\u0142atno\u015bci dokonuje si\u0119 w polskich z\u0142otych.<\/p>\n<p><strong>4. Zwrot przedmiotu<\/strong><\/p>\n<p>Przedmiot wypo\u017cyczenia nale\u017cy zwr\u00f3ci\u0107 czysty, w terminie oraz w niezmienionym stanie technicznym. W przypadku zwrotu brudnego sprz\u0119tu naliczona zostaje op\u0142ata od 15 do 50 z\u0142 za czyszczenie. W przypadku uszkodzenia przedmiotu przez Wypo\u017cyczaj\u0105cego, jest on zobowi\u0105zany do zwrotu koszt\u00f3w naprawy. W przypadku zniszczenia, trwa\u0142ego zabrudzenia b\u0105d\u017a utraty przedmiotu lub jego cz\u0119\u015bci w okresie wypo\u017cyczenia sprz\u0119tu, Wypo\u017cyczaj\u0105cy zobowi\u0105zany jest do uiszczenia kwoty odpowiadaj\u0105cej warto\u015bci tego przedmiotu, wed\u0142ug stanu z dnia wypo\u017cyczenia i cen rynkowych w dniu jego zwrotu, lub cen rynkowych w dniu w kt\u00f3rym zwrot mia\u0142 nast\u0105pi\u0107. Zwrotu warto\u015bci przedmiotu lub jego cz\u0119\u015bci, w przypadku jego utraty lub zniszczenia, a tak\u017ce zwrotu koszt\u00f3w naprawy, w przypadku jego uszkodzenia, dokonuje si\u0119 w polskich z\u0142otych, w ci\u0105gu jednego dnia od up\u0142ywu okresu wypo\u017cyczenia przedmiotu.<\/p>\n<p><strong>5. Polityka prywatno\u015bci<\/strong><\/p>\n<p>Itinere zobowi\u0105zuje si\u0119 do ochrony danych osobowych zgodnie z ustaw\u0105 z dnia 29 sierpnia 1997 r. o ochronie danych osobowych. Zgodnie z t\u0105 ustaw\u0105 Klient wyra\u017ca zgod\u0119 na przechowywanie i przetwarzanie tych danych przez firm\u0119 Itinere dla cel\u00f3w umo\u017cliwiaj\u0105cych klientowi korzystania ze strony www.itinere.pl jak r\u00f3wnie\u017c w celu skontaktowania si\u0119 z klientem b\u0105d\u017a przes\u0142ania mu informacji o nowych produktach w ofercie.<br \/>\nKlientowi przys\u0142uguje prawo do wgl\u0105du w swoje dane, do ich poprawiania oraz wniesienia \u017c\u0105dania o zaprzestaniu ich wykorzystywania.<\/p>\n<\/div><\/section>\n","protected":false},"excerpt":{"rendered":"","protected":false},"author":41,"featured_media":0,"parent":0,"menu_order":0,"comment_status":"closed","ping_status":"closed","template":"","meta":{"footnotes":""},"yoast_head":"<!-- This site is optimized with the Yoast SEO plugin v22.9 - https:\/\/yoast.com\/wordpress\/plugins\/seo\/ -->\n<title>Terms and conditions<\/title>\n<meta name=\"robots\" content=\"index, follow, max-snippet:-1, max-image-preview:large, max-video-preview:-1\" \/>\n<link rel=\"canonical\" href=\"https:\/\/itinere.pl\/en\/regulamin\/\" \/>\n<meta property=\"og:locale\" content=\"en_US\" \/>\n<meta property=\"og:type\" content=\"article\" \/>\n<meta property=\"og:title\" content=\"Terms and conditions\" \/>\n<meta property=\"og:url\" content=\"https:\/\/itinere.pl\/en\/regulamin\/\" \/>\n<meta property=\"og:site_name\" content=\"Wypo\u017cyczalnia Itinere\" \/>\n<meta property=\"article:publisher\" content=\"https:\/\/www.facebook.com\/Itinere\/\" \/>\n<meta property=\"article:modified_time\" content=\"2023-04-07T14:18:53+00:00\" \/>\n<meta property=\"og:image\" content=\"https:\/\/itinere.pl\/wp-content\/uploads\/2018\/10\/itinere-logo-nowe.png\" \/>\n\t<meta property=\"og:image:width\" content=\"1000\" \/>\n\t<meta property=\"og:image:height\" content=\"1000\" \/>\n\t<meta property=\"og:image:type\" content=\"image\/png\" \/>\n<meta name=\"twitter:card\" content=\"summary_large_image\" \/>\n<meta name=\"twitter:label1\" content=\"Est. reading time\" \/>\n\t<meta name=\"twitter:data1\" content=\"5 minutes\" \/>\n<script type=\"application\/ld+json\" class=\"yoast-schema-graph\">{\"@context\":\"https:\/\/schema.org\",\"@graph\":[{\"@type\":\"WebPage\",\"@id\":\"https:\/\/itinere.pl\/en\/regulamin\/\",\"url\":\"https:\/\/itinere.pl\/en\/regulamin\/\",\"name\":\"Terms and conditions\",\"isPartOf\":{\"@id\":\"https:\/\/itinere.pl\/#website\"},\"datePublished\":\"2017-02-23T13:21:34+00:00\",\"dateModified\":\"2023-04-07T14:18:53+00:00\",\"breadcrumb\":{\"@id\":\"https:\/\/itinere.pl\/en\/regulamin\/#breadcrumb\"},\"inLanguage\":\"en-US\",\"potentialAction\":[{\"@type\":\"ReadAction\",\"target\":[\"https:\/\/itinere.pl\/en\/regulamin\/\"]}]},{\"@type\":\"BreadcrumbList\",\"@id\":\"https:\/\/itinere.pl\/en\/regulamin\/#breadcrumb\",\"itemListElement\":[{\"@type\":\"ListItem\",\"position\":1,\"name\":\"Strona g\u0142\u00f3wna\",\"item\":\"https:\/\/itinere.pl\/en\/\"},{\"@type\":\"ListItem\",\"position\":2,\"name\":\"Terms and conditions\"}]},{\"@type\":\"WebSite\",\"@id\":\"https:\/\/itinere.pl\/#website\",\"url\":\"https:\/\/itinere.pl\/\",\"name\":\"Wypo\u017cyczalnia Itinere\",\"description\":\"Sprz\u0119t turystyczny dla dzieci\",\"publisher\":{\"@id\":\"https:\/\/itinere.pl\/#organization\"},\"potentialAction\":[{\"@type\":\"SearchAction\",\"target\":{\"@type\":\"EntryPoint\",\"urlTemplate\":\"https:\/\/itinere.pl\/?s={search_term_string}\"},\"query-input\":\"required name=search_term_string\"}],\"inLanguage\":\"en-US\"},{\"@type\":\"Organization\",\"@id\":\"https:\/\/itinere.pl\/#organization\",\"name\":\"Itinere - wypo\u017cyczalnia i sklep z przyczepkami rowerowymi\",\"url\":\"https:\/\/itinere.pl\/\",\"logo\":{\"@type\":\"ImageObject\",\"inLanguage\":\"en-US\",\"@id\":\"https:\/\/itinere.pl\/#\/schema\/logo\/image\/\",\"url\":\"https:\/\/itinere.pl\/wp-content\/uploads\/2018\/08\/itinere-logo-final.jpg\",\"contentUrl\":\"https:\/\/itinere.pl\/wp-content\/uploads\/2018\/08\/itinere-logo-final.jpg\",\"width\":\"567\",\"height\":\"470\",\"caption\":\"Itinere - wypo\u017cyczalnia i sklep z przyczepkami rowerowymi\"},\"image\":{\"@id\":\"https:\/\/itinere.pl\/#\/schema\/logo\/image\/\"},\"sameAs\":[\"https:\/\/www.facebook.com\/Itinere\/\"]}]}<\/script>\n<!-- \/ Yoast SEO plugin. -->","yoast_head_json":{"title":"Terms and conditions","robots":{"index":"index","follow":"follow","max-snippet":"max-snippet:-1","max-image-preview":"max-image-preview:large","max-video-preview":"max-video-preview:-1"},"canonical":"https:\/\/itinere.pl\/en\/regulamin\/","og_locale":"en_US","og_type":"article","og_title":"Terms and conditions","og_url":"https:\/\/itinere.pl\/en\/regulamin\/","og_site_name":"Wypo\u017cyczalnia Itinere","article_publisher":"https:\/\/www.facebook.com\/Itinere\/","article_modified_time":"2023-04-07T14:18:53+00:00","og_image":[{"width":1000,"height":1000,"url":"https:\/\/itinere.pl\/wp-content\/uploads\/2018\/10\/itinere-logo-nowe.png","type":"image\/png"}],"twitter_card":"summary_large_image","twitter_misc":{"Est. reading time":"5 minutes"},"schema":{"@context":"https:\/\/schema.org","@graph":[{"@type":"WebPage","@id":"https:\/\/itinere.pl\/en\/regulamin\/","url":"https:\/\/itinere.pl\/en\/regulamin\/","name":"Terms and conditions","isPartOf":{"@id":"https:\/\/itinere.pl\/#website"},"datePublished":"2017-02-23T13:21:34+00:00","dateModified":"2023-04-07T14:18:53+00:00","breadcrumb":{"@id":"https:\/\/itinere.pl\/en\/regulamin\/#breadcrumb"},"inLanguage":"en-US","potentialAction":[{"@type":"ReadAction","target":["https:\/\/itinere.pl\/en\/regulamin\/"]}]},{"@type":"BreadcrumbList","@id":"https:\/\/itinere.pl\/en\/regulamin\/#breadcrumb","itemListElement":[{"@type":"ListItem","position":1,"name":"Strona g\u0142\u00f3wna","item":"https:\/\/itinere.pl\/en\/"},{"@type":"ListItem","position":2,"name":"Terms and conditions"}]},{"@type":"WebSite","@id":"https:\/\/itinere.pl\/#website","url":"https:\/\/itinere.pl\/","name":"Wypo\u017cyczalnia Itinere","description":"Sprz\u0119t turystyczny dla dzieci","publisher":{"@id":"https:\/\/itinere.pl\/#organization"},"potentialAction":[{"@type":"SearchAction","target":{"@type":"EntryPoint","urlTemplate":"https:\/\/itinere.pl\/?s={search_term_string}"},"query-input":"required name=search_term_string"}],"inLanguage":"en-US"},{"@type":"Organization","@id":"https:\/\/itinere.pl\/#organization","name":"Itinere - wypo\u017cyczalnia i sklep z przyczepkami rowerowymi","url":"https:\/\/itinere.pl\/","logo":{"@type":"ImageObject","inLanguage":"en-US","@id":"https:\/\/itinere.pl\/#\/schema\/logo\/image\/","url":"https:\/\/itinere.pl\/wp-content\/uploads\/2018\/08\/itinere-logo-final.jpg","contentUrl":"https:\/\/itinere.pl\/wp-content\/uploads\/2018\/08\/itinere-logo-final.jpg","width":"567","height":"470","caption":"Itinere - wypo\u017cyczalnia i sklep z przyczepkami rowerowymi"},"image":{"@id":"https:\/\/itinere.pl\/#\/schema\/logo\/image\/"},"sameAs":["https:\/\/www.facebook.com\/Itinere\/"]}]}},"_links":{"self":[{"href":"https:\/\/itinere.pl\/en\/wp-json\/wp\/v2\/pages\/1238"}],"collection":[{"href":"https:\/\/itinere.pl\/en\/wp-json\/wp\/v2\/pages"}],"about":[{"href":"https:\/\/itinere.pl\/en\/wp-json\/wp\/v2\/types\/page"}],"author":[{"embeddable":true,"href":"https:\/\/itinere.pl\/en\/wp-json\/wp\/v2\/users\/41"}],"replies":[{"embeddable":true,"href":"https:\/\/itinere.pl\/en\/wp-json\/wp\/v2\/comments?post=1238"}],"version-history":[{"count":0,"href":"https:\/\/itinere.pl\/en\/wp-json\/wp\/v2\/pages\/1238\/revisions"}],"wp:attachment":[{"href":"https:\/\/itinere.pl\/en\/wp-json\/wp\/v2\/media?parent=1238"}],"curies":[{"name":"wp","href":"https:\/\/api.w.org\/{rel}","templated":true}]}}