{"id":1236,"date":"2017-02-23T14:20:55","date_gmt":"2017-02-23T13:20:55","guid":{"rendered":"https:\/\/itinere.pl\/?page_id=1236&#038;lang=en"},"modified":"2017-02-24T12:15:06","modified_gmt":"2017-02-24T11:15:06","slug":"polityka-cookies","status":"publish","type":"page","link":"https:\/\/itinere.pl\/en\/polityka-cookies\/","title":{"rendered":"Cookies policy"},"content":{"rendered":"<div id='full_slider_1'  class='avia-fullwidth-slider main_color avia-shadow   avia-builder-el-0  el_before_av_section  avia-builder-el-first   container_wrap sidebar_right'  >\n<style type=\"text\/css\" data-created_by=\"avia_inline_auto\" id=\"style-css-av-av_slideshow_full-de3ad9507b71acd413a28420cae4f1ac\">\n#top #wrap_all .avia-slideshow .av-slideshow-caption.av-av_slideshow_full-de3ad9507b71acd413a28420cae4f1ac__0 .avia-caption-title{\nfont-size:40px;\n}\n<\/style>\n<div  class='avia-slideshow av-av_slideshow_full-de3ad9507b71acd413a28420cae4f1ac avia-slideshow-entry_without_sidebar av_slideshow_full avia-slide-slider av-slideshow-ui av-control-hidden av-no-slider-navigation av-hide-nav-arrows av-slideshow-manual av-loop-once av-loop-manual-endless av-default-height-applied   avia-slideshow-1' data-slideshow-options=\"{&quot;animation&quot;:&quot;slide&quot;,&quot;autoplay&quot;:false,&quot;loop_autoplay&quot;:&quot;once&quot;,&quot;interval&quot;:5,&quot;loop_manual&quot;:&quot;manual-endless&quot;,&quot;autoplay_stopper&quot;:false,&quot;noNavigation&quot;:true,&quot;bg_slider&quot;:false,&quot;keep_padding&quot;:false,&quot;hoverpause&quot;:false,&quot;show_slide_delay&quot;:0}\"  itemprop=\"image\" itemscope=\"itemscope\" itemtype=\"https:\/\/schema.org\/ImageObject\" ><ul class='avia-slideshow-inner ' style='padding-bottom: 21.157024793388%;'><li  class='avia-slideshow-slide av-av_slideshow_full-de3ad9507b71acd413a28420cae4f1ac__0  av-single-slide slide-1 slide-odd'><div data-rel='slideshow-1' class='avia-slide-wrap '   ><div class='av-slideshow-caption av-av_slideshow_full-de3ad9507b71acd413a28420cae4f1ac__0 caption_fullwidth caption_center'><div class=\"container caption_container\"><div class=\"slideshow_caption\"><div class=\"slideshow_inner_caption\"><div class=\"slideshow_align_caption\"><h2 class='avia-caption-title '  itemprop=\"name\" >Cookies policy<\/h2><\/div><\/div><\/div><\/div><\/div><img decoding=\"async\" fetchpriority=\"high\" class=\"wp-image-1214 avia-img-lazy-loading-not-1214\"  src=\"https:\/\/itinere.pl\/wp-content\/uploads\/2017\/02\/cookiesbanner.jpg\" width=\"1210\" height=\"256\" title='cookiesbanner' alt=''  itemprop=\"thumbnailUrl\" srcset=\"https:\/\/itinere.pl\/wp-content\/uploads\/2017\/02\/cookiesbanner.jpg 1210w, https:\/\/itinere.pl\/wp-content\/uploads\/2017\/02\/cookiesbanner-450x95.jpg 450w\" sizes=\"(max-width: 1210px) 100vw, 1210px\" \/><div class='av-section-color-overlay' style='opacity: 0.5; background-color: #0a0a0a; '><\/div><\/div><\/li><\/ul><\/div><\/div>\n<div id='nowybreadcrumb'  class='avia-section av-av_section-fa60f8100aabfd40470ba5da2f780dfb main_color avia-section-no-padding avia-no-border-styling  avia-builder-el-1  el_after_av_slideshow_full  el_before_av_icon_box  avia-bg-style-scroll container_wrap sidebar_right'  ><div class='container av-section-cont-open' ><div class='template-page content  av-content-small alpha units'><div class='post-entry post-entry-type-page post-entry-1236'><div class='entry-content-wrapper clearfix'>\n\n<\/div><\/div><\/div><!-- close content main div --><\/div><\/div><div id='after_section_1'  class='main_color av_default_container_wrap container_wrap sidebar_right'  ><div class='container av-section-cont-open' ><div class='template-page content  av-content-small alpha units'><div class='post-entry post-entry-type-page post-entry-1236'><div class='entry-content-wrapper clearfix'>\n<article  class='iconbox iconbox_left_content av-av_icon_box-d8a02dd371a86d0564b10781b0ace560  avia-builder-el-3  el_after_av_section  el_before_av_one_full  avia-builder-el-first '  itemscope=\"itemscope\" itemtype=\"https:\/\/schema.org\/CreativeWork\" ><div class=\"iconbox_icon heading-color\" aria-hidden='true' data-av_icon='\ue855' data-av_iconfont='entypo-fontello'><\/div><div class=\"iconbox_content\"><header class=\"entry-content-header\"><h3 class='iconbox_content_title '  itemprop=\"headline\" >Polityka cookies<\/h3><\/header><div class='iconbox_content_container '  itemprop=\"text\" ><p>Niniejsza polityka reguluje zasady u\u017cycia plik\u00f3w cookies przez serwis Itinere.pl<\/p>\n<\/div><\/div><footer class=\"entry-footer\"><\/footer><\/article>\n\n<style type=\"text\/css\" data-created_by=\"avia_inline_auto\" id=\"style-css-av-av_one_full-dba0f0619a7d56aecdf8f46d14c4dd1c\">\n#top .flex_column.av-av_one_full-dba0f0619a7d56aecdf8f46d14c4dd1c{\nmargin-top:10px;\nmargin-bottom:0px;\n}\n.flex_column.av-av_one_full-dba0f0619a7d56aecdf8f46d14c4dd1c{\nborder-radius:0px 0px 0px 0px;\npadding:0px 0px 0px 0px;\n}\n.responsive #top #wrap_all .flex_column.av-av_one_full-dba0f0619a7d56aecdf8f46d14c4dd1c{\nmargin-top:10px;\nmargin-bottom:0px;\n}\n<\/style>\n<div  class='flex_column av-av_one_full-dba0f0619a7d56aecdf8f46d14c4dd1c av_one_full  avia-builder-el-4  el_after_av_icon_box  el_before_av_one_full  first flex_column_div av-zero-column-padding  '     ><div  class='hr av-av_hr-45f931f05f5898fdc250bd31b51b694c hr-default  avia-builder-el-5  avia-builder-el-no-sibling '><span class='hr-inner '><span class=\"hr-inner-style\"><\/span><\/span><\/div><\/div>\n\n<style type=\"text\/css\" data-created_by=\"avia_inline_auto\" id=\"style-css-av-av_one_full-855d060ecef248f10bce633c85cb77e0\">\n#top .flex_column.av-av_one_full-855d060ecef248f10bce633c85cb77e0{\nmargin-top:0px;\nmargin-bottom:10px;\n}\n.flex_column.av-av_one_full-855d060ecef248f10bce633c85cb77e0{\nborder-radius:0px 0px 0px 0px;\npadding:0px 0px 0px 0px;\n}\n.responsive #top #wrap_all .flex_column.av-av_one_full-855d060ecef248f10bce633c85cb77e0{\nmargin-top:0px;\nmargin-bottom:10px;\n}\n<\/style>\n<div  class='flex_column av-av_one_full-855d060ecef248f10bce633c85cb77e0 av_one_full  avia-builder-el-6  el_after_av_one_full  avia-builder-el-last  first flex_column_div av-zero-column-padding  column-top-margin'     ><section  class='av_textblock_section av-av_textblock-0366cc7376be6c9e82a3e9cc8987b64f '   itemscope=\"itemscope\" itemtype=\"https:\/\/schema.org\/CreativeWork\" ><div class='avia_textblock'  itemprop=\"text\" ><p>1. Serwis zbiera w spos\u00f3b automatyczny tylko informacje zawarte w plikach cookies.<\/p>\n<p>2. Pliki (cookies) s\u0105 plikami tekstowymi, kt\u00f3re przechowywane s\u0105 w urz\u0105dzeniu ko\u0144cowym u\u017cytkownika serwisu. Przeznaczone s\u0105 do korzystania ze stron serwisu. Przede wszystkim zawieraj\u0105 nazw\u0119 strony internetowej swojego pochodzenia, sw\u00f3j unikalny numer, czas przechowywania na urz\u0105dzeniu ko\u0144cowym.<\/p>\n<p>3. Operator serwisu, Wypo\u017cyczalnia Itinere, Junony 33c\/8, 80-299 Gda\u0144sk-Osowa, jest podmiotem zamieszczaj\u0105cym na urz\u0105dzeniu ko\u0144cowym swojego u\u017cytkownika pliki cookies oraz maj\u0105cym do nich dost\u0119p.<\/p>\n<p>4. Operator serwisu wykorzystuje pliki (cookies) w celu:<\/p>\n<ul>\n<li>dopasowania zawarto\u015bci strony internetowej do indywidualnych preferencji u\u017cytkownika, przede wszystkim pliki te rozpoznaj\u0105 jego urz\u0105dzenie, aby zgodnie z jego preferencjami wy\u015bwietli\u0107 stron\u0119;<\/li>\n<li>przygotowywania statystyk pomagaj\u0105cych poznaniu preferencji i zachowa\u0144 u\u017cytkownik\u00f3w, analiza tych statystyk jest anonimowa i umo\u017cliwia dostosowanie zawarto\u015bci i wygl\u0105du serwisu do panuj\u0105cych trend\u00f3w, statystyki stosuje si\u0119 te\u017c do oceny popularno\u015bci strony;<\/li>\n<li>mo\u017cliwo\u015bci logowania do serwisu;<\/li>\n<li>utrzymania logowania u\u017cytkownika na ka\u017cdej kolejnej stronie serwisu.<\/li>\n<\/ul>\n<p>5. Serwis stosuje dwa zasadnicze rodzaje plik\u00f3w (cookies) &#8211; sesyjne i sta\u0142e. Pliki sesyjne s\u0105 tymczasowe, przechowuje si\u0119 je do momentu opuszczenia strony serwisu (poprzez wej\u015bcie na inn\u0105 stron\u0119, wylogowanie lub wy\u0142\u0105czenie przegl\u0105darki). Pliki sta\u0142e przechowywane s\u0105 w urz\u0105dzeniu ko\u0144cowym u\u017cytkownika do czasu ich usuni\u0119cia przez u\u017cytkownika lub przez czas wynikaj\u0105cy z ich ustawie\u0144.<\/p>\n<p>6. U\u017cytkownik mo\u017ce w ka\u017cdej chwili dokona\u0107 zmiany ustawie\u0144 swojej przegl\u0105darki, aby zablokowa\u0107 obs\u0142ug\u0119 plik\u00f3w (cookies) lub ka\u017cdorazowo uzyskiwa\u0107 informacje o ich umieszczeniu w swoim urz\u0105dzeniu. Inne dost\u0119pne opcje mo\u017cna sprawdzi\u0107 w ustawieniach swojej przegl\u0105darki internetowej. Nale\u017cy pami\u0119ta\u0107, \u017ce wi\u0119kszo\u015b\u0107 przegl\u0105darek domy\u015blnie jest ustawione na akceptacj\u0119 zapisu plik\u00f3w (cookies) w urz\u0105dzeniu ko\u0144cowym.<\/p>\n<p>7. Operator Serwisu informuje, \u017ce zmiany ustawie\u0144 w przegl\u0105darce internetowej u\u017cytkownika mog\u0105 ograniczy\u0107 dost\u0119p do niekt\u00f3rych funkcji strony internetowej serwisu.<\/p>\n<p>8. Pliki (cookies) z kt\u00f3rych korzysta serwis (zamieszczane w urz\u0105dzeniu ko\u0144cowym u\u017cytkownika) mog\u0105 by\u0107 udost\u0119pnione jego partnerom oraz wsp\u00f3\u0142pracuj\u0105cym z nim reklamodawcom.<\/p>\n<p>9. Informacje dotycz\u0105ce ustawie\u0144 przegl\u0105darek internetowych dost\u0119pne s\u0105 w jej menu (pomoc) lub na stronie jej producenta.<\/p>\n<\/div><\/section><\/div>\n","protected":false},"excerpt":{"rendered":"","protected":false},"author":41,"featured_media":0,"parent":0,"menu_order":0,"comment_status":"closed","ping_status":"closed","template":"","meta":{"footnotes":""},"yoast_head":"<!-- This site is optimized with the Yoast SEO plugin v22.9 - https:\/\/yoast.com\/wordpress\/plugins\/seo\/ -->\n<title>Cookies policy<\/title>\n<meta name=\"robots\" content=\"index, follow, max-snippet:-1, max-image-preview:large, max-video-preview:-1\" \/>\n<link rel=\"canonical\" href=\"https:\/\/itinere.pl\/en\/polityka-cookies\/\" \/>\n<meta property=\"og:locale\" content=\"en_US\" \/>\n<meta property=\"og:type\" content=\"article\" \/>\n<meta property=\"og:title\" content=\"Cookies policy\" \/>\n<meta property=\"og:url\" content=\"https:\/\/itinere.pl\/en\/polityka-cookies\/\" \/>\n<meta property=\"og:site_name\" content=\"Wypo\u017cyczalnia Itinere\" \/>\n<meta property=\"article:publisher\" content=\"https:\/\/www.facebook.com\/Itinere\/\" \/>\n<meta property=\"article:modified_time\" content=\"2017-02-24T11:15:06+00:00\" \/>\n<meta property=\"og:image\" content=\"https:\/\/itinere.pl\/wp-content\/uploads\/2018\/10\/itinere-logo-nowe.png\" \/>\n\t<meta property=\"og:image:width\" content=\"1000\" \/>\n\t<meta property=\"og:image:height\" content=\"1000\" \/>\n\t<meta property=\"og:image:type\" content=\"image\/png\" \/>\n<meta name=\"twitter:card\" content=\"summary_large_image\" \/>\n<meta name=\"twitter:label1\" content=\"Est. reading time\" \/>\n\t<meta name=\"twitter:data1\" content=\"4 minutes\" \/>\n<script type=\"application\/ld+json\" class=\"yoast-schema-graph\">{\"@context\":\"https:\/\/schema.org\",\"@graph\":[{\"@type\":\"WebPage\",\"@id\":\"https:\/\/itinere.pl\/en\/polityka-cookies\/\",\"url\":\"https:\/\/itinere.pl\/en\/polityka-cookies\/\",\"name\":\"Cookies policy\",\"isPartOf\":{\"@id\":\"https:\/\/itinere.pl\/#website\"},\"datePublished\":\"2017-02-23T13:20:55+00:00\",\"dateModified\":\"2017-02-24T11:15:06+00:00\",\"breadcrumb\":{\"@id\":\"https:\/\/itinere.pl\/en\/polityka-cookies\/#breadcrumb\"},\"inLanguage\":\"en-US\",\"potentialAction\":[{\"@type\":\"ReadAction\",\"target\":[\"https:\/\/itinere.pl\/en\/polityka-cookies\/\"]}]},{\"@type\":\"BreadcrumbList\",\"@id\":\"https:\/\/itinere.pl\/en\/polityka-cookies\/#breadcrumb\",\"itemListElement\":[{\"@type\":\"ListItem\",\"position\":1,\"name\":\"Strona g\u0142\u00f3wna\",\"item\":\"https:\/\/itinere.pl\/en\/\"},{\"@type\":\"ListItem\",\"position\":2,\"name\":\"Cookies policy\"}]},{\"@type\":\"WebSite\",\"@id\":\"https:\/\/itinere.pl\/#website\",\"url\":\"https:\/\/itinere.pl\/\",\"name\":\"Wypo\u017cyczalnia Itinere\",\"description\":\"Sprz\u0119t turystyczny dla dzieci\",\"publisher\":{\"@id\":\"https:\/\/itinere.pl\/#organization\"},\"potentialAction\":[{\"@type\":\"SearchAction\",\"target\":{\"@type\":\"EntryPoint\",\"urlTemplate\":\"https:\/\/itinere.pl\/?s={search_term_string}\"},\"query-input\":\"required name=search_term_string\"}],\"inLanguage\":\"en-US\"},{\"@type\":\"Organization\",\"@id\":\"https:\/\/itinere.pl\/#organization\",\"name\":\"Itinere - wypo\u017cyczalnia i sklep z przyczepkami rowerowymi\",\"url\":\"https:\/\/itinere.pl\/\",\"logo\":{\"@type\":\"ImageObject\",\"inLanguage\":\"en-US\",\"@id\":\"https:\/\/itinere.pl\/#\/schema\/logo\/image\/\",\"url\":\"https:\/\/itinere.pl\/wp-content\/uploads\/2018\/08\/itinere-logo-final.jpg\",\"contentUrl\":\"https:\/\/itinere.pl\/wp-content\/uploads\/2018\/08\/itinere-logo-final.jpg\",\"width\":\"567\",\"height\":\"470\",\"caption\":\"Itinere - wypo\u017cyczalnia i sklep z przyczepkami rowerowymi\"},\"image\":{\"@id\":\"https:\/\/itinere.pl\/#\/schema\/logo\/image\/\"},\"sameAs\":[\"https:\/\/www.facebook.com\/Itinere\/\"]}]}<\/script>\n<!-- \/ Yoast SEO plugin. -->","yoast_head_json":{"title":"Cookies policy","robots":{"index":"index","follow":"follow","max-snippet":"max-snippet:-1","max-image-preview":"max-image-preview:large","max-video-preview":"max-video-preview:-1"},"canonical":"https:\/\/itinere.pl\/en\/polityka-cookies\/","og_locale":"en_US","og_type":"article","og_title":"Cookies policy","og_url":"https:\/\/itinere.pl\/en\/polityka-cookies\/","og_site_name":"Wypo\u017cyczalnia Itinere","article_publisher":"https:\/\/www.facebook.com\/Itinere\/","article_modified_time":"2017-02-24T11:15:06+00:00","og_image":[{"width":1000,"height":1000,"url":"https:\/\/itinere.pl\/wp-content\/uploads\/2018\/10\/itinere-logo-nowe.png","type":"image\/png"}],"twitter_card":"summary_large_image","twitter_misc":{"Est. reading time":"4 minutes"},"schema":{"@context":"https:\/\/schema.org","@graph":[{"@type":"WebPage","@id":"https:\/\/itinere.pl\/en\/polityka-cookies\/","url":"https:\/\/itinere.pl\/en\/polityka-cookies\/","name":"Cookies policy","isPartOf":{"@id":"https:\/\/itinere.pl\/#website"},"datePublished":"2017-02-23T13:20:55+00:00","dateModified":"2017-02-24T11:15:06+00:00","breadcrumb":{"@id":"https:\/\/itinere.pl\/en\/polityka-cookies\/#breadcrumb"},"inLanguage":"en-US","potentialAction":[{"@type":"ReadAction","target":["https:\/\/itinere.pl\/en\/polityka-cookies\/"]}]},{"@type":"BreadcrumbList","@id":"https:\/\/itinere.pl\/en\/polityka-cookies\/#breadcrumb","itemListElement":[{"@type":"ListItem","position":1,"name":"Strona g\u0142\u00f3wna","item":"https:\/\/itinere.pl\/en\/"},{"@type":"ListItem","position":2,"name":"Cookies policy"}]},{"@type":"WebSite","@id":"https:\/\/itinere.pl\/#website","url":"https:\/\/itinere.pl\/","name":"Wypo\u017cyczalnia Itinere","description":"Sprz\u0119t turystyczny dla dzieci","publisher":{"@id":"https:\/\/itinere.pl\/#organization"},"potentialAction":[{"@type":"SearchAction","target":{"@type":"EntryPoint","urlTemplate":"https:\/\/itinere.pl\/?s={search_term_string}"},"query-input":"required name=search_term_string"}],"inLanguage":"en-US"},{"@type":"Organization","@id":"https:\/\/itinere.pl\/#organization","name":"Itinere - wypo\u017cyczalnia i sklep z przyczepkami rowerowymi","url":"https:\/\/itinere.pl\/","logo":{"@type":"ImageObject","inLanguage":"en-US","@id":"https:\/\/itinere.pl\/#\/schema\/logo\/image\/","url":"https:\/\/itinere.pl\/wp-content\/uploads\/2018\/08\/itinere-logo-final.jpg","contentUrl":"https:\/\/itinere.pl\/wp-content\/uploads\/2018\/08\/itinere-logo-final.jpg","width":"567","height":"470","caption":"Itinere - wypo\u017cyczalnia i sklep z przyczepkami rowerowymi"},"image":{"@id":"https:\/\/itinere.pl\/#\/schema\/logo\/image\/"},"sameAs":["https:\/\/www.facebook.com\/Itinere\/"]}]}},"_links":{"self":[{"href":"https:\/\/itinere.pl\/en\/wp-json\/wp\/v2\/pages\/1236"}],"collection":[{"href":"https:\/\/itinere.pl\/en\/wp-json\/wp\/v2\/pages"}],"about":[{"href":"https:\/\/itinere.pl\/en\/wp-json\/wp\/v2\/types\/page"}],"author":[{"embeddable":true,"href":"https:\/\/itinere.pl\/en\/wp-json\/wp\/v2\/users\/41"}],"replies":[{"embeddable":true,"href":"https:\/\/itinere.pl\/en\/wp-json\/wp\/v2\/comments?post=1236"}],"version-history":[{"count":0,"href":"https:\/\/itinere.pl\/en\/wp-json\/wp\/v2\/pages\/1236\/revisions"}],"wp:attachment":[{"href":"https:\/\/itinere.pl\/en\/wp-json\/wp\/v2\/media?parent=1236"}],"curies":[{"name":"wp","href":"https:\/\/api.w.org\/{rel}","templated":true}]}}